{"id":157302,"date":"2026-03-30T11:12:14","date_gmt":"2026-03-30T09:12:14","guid":{"rendered":"https:\/\/westernacher.com\/?page_id=157302"},"modified":"2026-03-30T11:16:42","modified_gmt":"2026-03-30T09:16:42","slug":"bestandsoptimierung","status":"publish","type":"page","link":"https:\/\/westernacher.com\/de\/supply-chain-planning\/bestandsoptimierung\/","title":{"rendered":"Supply Chain Planning Expertise: Inventory Optimization | GER"},"content":{"rendered":"\t\t<div data-elementor-type=\"wp-page\" data-elementor-id=\"157302\" class=\"elementor elementor-157302 elementor-156015\" data-elementor-post-type=\"page\">\n\t\t\t\t\t\t<section class=\"elementor-section elementor-top-section elementor-element elementor-element-60379393 elementor-section-height-full elementor-section-content-middle elementor-section-boxed elementor-section-height-default elementor-section-items-middle\" data-id=\"60379393\" data-element_type=\"section\" data-e-type=\"section\" data-settings=\"{&quot;jet_parallax_layout_list&quot;:[{&quot;jet_parallax_layout_image&quot;:{&quot;url&quot;:&quot;&quot;,&quot;id&quot;:&quot;&quot;,&quot;size&quot;:&quot;&quot;},&quot;_id&quot;:&quot;ad972cc&quot;,&quot;jet_parallax_layout_image_tablet&quot;:{&quot;url&quot;:&quot;&quot;,&quot;id&quot;:&quot;&quot;,&quot;size&quot;:&quot;&quot;},&quot;jet_parallax_layout_image_mobile&quot;:{&quot;url&quot;:&quot;&quot;,&quot;id&quot;:&quot;&quot;,&quot;size&quot;:&quot;&quot;},&quot;jet_parallax_layout_speed&quot;:{&quot;unit&quot;:&quot;%&quot;,&quot;size&quot;:50,&quot;sizes&quot;:[]},&quot;jet_parallax_layout_type&quot;:&quot;scroll&quot;,&quot;jet_parallax_layout_direction&quot;:&quot;1&quot;,&quot;jet_parallax_layout_fx_direction&quot;:null,&quot;jet_parallax_layout_z_index&quot;:&quot;&quot;,&quot;jet_parallax_layout_bg_x&quot;:50,&quot;jet_parallax_layout_bg_x_tablet&quot;:&quot;&quot;,&quot;jet_parallax_layout_bg_x_mobile&quot;:&quot;&quot;,&quot;jet_parallax_layout_bg_y&quot;:50,&quot;jet_parallax_layout_bg_y_tablet&quot;:&quot;&quot;,&quot;jet_parallax_layout_bg_y_mobile&quot;:&quot;&quot;,&quot;jet_parallax_layout_bg_size&quot;:&quot;auto&quot;,&quot;jet_parallax_layout_bg_size_tablet&quot;:&quot;&quot;,&quot;jet_parallax_layout_bg_size_mobile&quot;:&quot;&quot;,&quot;jet_parallax_layout_animation_prop&quot;:&quot;transform&quot;,&quot;jet_parallax_layout_on&quot;:[&quot;desktop&quot;,&quot;tablet&quot;]}]}\">\n\t\t\t\t\t\t<div class=\"elementor-container elementor-column-gap-default\">\n\t\t\t\t\t<div class=\"elementor-column elementor-col-100 elementor-top-column elementor-element elementor-element-6decbb84\" data-id=\"6decbb84\" data-element_type=\"column\" data-e-type=\"column\">\n\t\t\t<div class=\"elementor-widget-wrap elementor-element-populated\">\n\t\t\t\t\t\t<section class=\"elementor-section elementor-inner-section elementor-element elementor-element-725b05e elementor-section-boxed elementor-section-height-default elementor-section-height-default\" data-id=\"725b05e\" data-element_type=\"section\" data-e-type=\"section\" data-settings=\"{&quot;jet_parallax_layout_list&quot;:[]}\">\n\t\t\t\t\t\t<div class=\"elementor-container elementor-column-gap-no\">\n\t\t\t\t\t<div class=\"elementor-column elementor-col-50 elementor-inner-column elementor-element elementor-element-4bdf9d5\" data-id=\"4bdf9d5\" data-element_type=\"column\" data-e-type=\"column\">\n\t\t\t<div class=\"elementor-widget-wrap elementor-element-populated\">\n\t\t\t\t\t\t<div class=\"elementor-element elementor-element-efba11a elementor-widget elementor-widget-heading\" data-id=\"efba11a\" data-element_type=\"widget\" data-e-type=\"widget\" data-widget_type=\"heading.default\">\n\t\t\t\t<div class=\"elementor-widget-container\">\n\t\t\t\t\t<h1 class=\"elementor-heading-title elementor-size-default\">Bestands&shy;optimierung<span style=\"color: #1596d1\">.<\/span><\/h1>\t\t\t\t<\/div>\n\t\t\t\t<\/div>\n\t\t\t\t\t<\/div>\n\t\t<\/div>\n\t\t\t\t<div class=\"elementor-column elementor-col-50 elementor-inner-column elementor-element elementor-element-d65fde1\" data-id=\"d65fde1\" data-element_type=\"column\" data-e-type=\"column\">\n\t\t\t<div class=\"elementor-widget-wrap elementor-element-populated\">\n\t\t\t\t\t\t<div class=\"elementor-element elementor-element-4eaa4cc animated-slow elementor-invisible elementor-widget elementor-widget-text-editor\" data-id=\"4eaa4cc\" data-element_type=\"widget\" data-e-type=\"widget\" data-settings=\"{&quot;_animation&quot;:&quot;fadeInUp&quot;}\" data-widget_type=\"text-editor.default\">\n\t\t\t\t<div class=\"elementor-widget-container\">\n\t\t\t\t\t\t\t\t\tWesternacher Consulting wendet wissenschaftliche Methoden zur Bestandsoptimierung an, um 15\u201330 % Bestandsreduzierung bei gleichzeitiger Aufrechterhaltung oder Verbesserung der Servicelevel zu erreichen. Westernacher Consulting implementiert Multi-Echelon-Bestandsoptimierung, statistische Sicherheitsbestandsberechnung und segmentierungsbasierte Bevorratungsstrategien \u00fcber das Supply-Chain-Netzwerk hinweg, unter Ber\u00fccksichtigung von Nachfrageunsicherheit, Angebotsvariabilit\u00e4t und differenzierten Servicelevel-Zielen, um Working Capital zu minimieren und gleichzeitig Produktverf\u00fcgbarkeit sicherzustellen. \t\t\t\t\t\t\t\t<\/div>\n\t\t\t\t<\/div>\n\t\t\t\t\t<\/div>\n\t\t<\/div>\n\t\t\t\t\t<\/div>\n\t\t<\/section>\n\t\t\t\t<section class=\"elementor-section elementor-inner-section elementor-element elementor-element-a4545a5 elementor-section-boxed elementor-section-height-default elementor-section-height-default\" data-id=\"a4545a5\" data-element_type=\"section\" data-e-type=\"section\" data-settings=\"{&quot;jet_parallax_layout_list&quot;:[]}\">\n\t\t\t\t\t\t<div class=\"elementor-container elementor-column-gap-no\">\n\t\t\t\t\t<div class=\"elementor-column elementor-col-100 elementor-inner-column elementor-element elementor-element-eb4a708\" data-id=\"eb4a708\" data-element_type=\"column\" data-e-type=\"column\">\n\t\t\t<div class=\"elementor-widget-wrap elementor-element-populated\">\n\t\t\t\t\t\t<div class=\"elementor-element elementor-element-b3cec5b animated-slow elementor-invisible elementor-widget elementor-widget-spacer\" data-id=\"b3cec5b\" data-element_type=\"widget\" data-e-type=\"widget\" data-settings=\"{&quot;_animation&quot;:&quot;fadeInLeft&quot;}\" data-widget_type=\"spacer.default\">\n\t\t\t\t<div class=\"elementor-widget-container\">\n\t\t\t\t\t\t\t<div class=\"elementor-spacer\">\n\t\t\t<div class=\"elementor-spacer-inner\"><\/div>\n\t\t<\/div>\n\t\t\t\t\t\t<\/div>\n\t\t\t\t<\/div>\n\t\t\t\t\t<\/div>\n\t\t<\/div>\n\t\t\t\t\t<\/div>\n\t\t<\/section>\n\t\t\t\t\t<\/div>\n\t\t<\/div>\n\t\t\t\t\t<\/div>\n\t\t<\/section>\n\t\t\t\t<section class=\"elementor-section elementor-top-section elementor-element elementor-element-c096f35 elementor-section-boxed elementor-section-height-default elementor-section-height-default\" data-id=\"c096f35\" data-element_type=\"section\" data-e-type=\"section\" data-settings=\"{&quot;jet_parallax_layout_list&quot;:[]}\">\n\t\t\t\t\t\t<div class=\"elementor-container elementor-column-gap-no\">\n\t\t\t\t\t<div class=\"elementor-column elementor-col-33 elementor-top-column elementor-element elementor-element-3b49653\" data-id=\"3b49653\" data-element_type=\"column\" data-e-type=\"column\">\n\t\t\t<div class=\"elementor-widget-wrap elementor-element-populated\">\n\t\t\t\t\t\t<div class=\"elementor-element elementor-element-e4e4752 elementor-widget elementor-widget-heading\" data-id=\"e4e4752\" data-element_type=\"widget\" data-e-type=\"widget\" data-widget_type=\"heading.default\">\n\t\t\t\t<div class=\"elementor-widget-container\">\n\t\t\t\t\t<h2 class=\"elementor-heading-title elementor-size-default\">Expertise in der Bestandsoptimierung:<\/h2>\t\t\t\t<\/div>\n\t\t\t\t<\/div>\n\t\t\t\t<div class=\"elementor-element elementor-element-d9a3877 animated-slow elementor-widget elementor-widget-text-editor\" data-id=\"d9a3877\" data-element_type=\"widget\" data-e-type=\"widget\" data-settings=\"{&quot;_animation&quot;:&quot;none&quot;}\" data-widget_type=\"text-editor.default\">\n\t\t\t\t<div class=\"elementor-widget-container\">\n\t\t\t\t\t\t\t\t\t<ul><li>Multi-Echelon-Bestandsoptimierung (MEIO): Optimierung des Bestands \u00fcber das gesamte Netzwerk, nicht nur an einzelnen Standorten<\/li><li>Sicherheitsbestandsberechnung: Wissenschaftliche Berechnung unter Ber\u00fccksichtigung der Nachfrage- und Lieferzeitvariabilit\u00e4t<\/li><li>Servicegradoptimierung: Abgleich von Bestandsinvestitionen mit den Zielvorgaben f\u00fcr den Servicegrad<\/li><li>Segmentierungsbasierte Strategien: Differenzierte Bestandsrichtlinien basierend auf Produktmerkmalen<\/li><li>Management von Langsamdrehern &amp; Obsoleten: Proaktive Identifizierung und Verwaltung von \u00dcberbest\u00e4nden<\/li><li>Working Capital Optimierung: Reduzierung der Bestandsinvestitionen bei gleichzeitiger Beibehaltung oder Verbesserung des Servicegrads<\/li><\/ul>\t\t\t\t\t\t\t\t<\/div>\n\t\t\t\t<\/div>\n\t\t\t\t\t<\/div>\n\t\t<\/div>\n\t\t\t\t<div class=\"elementor-column elementor-col-33 elementor-top-column elementor-element elementor-element-99e7d7c\" data-id=\"99e7d7c\" data-element_type=\"column\" data-e-type=\"column\">\n\t\t\t<div class=\"elementor-widget-wrap elementor-element-populated\">\n\t\t\t\t\t\t<div class=\"elementor-element elementor-element-1cd79797 elementor-widget elementor-widget-heading\" data-id=\"1cd79797\" data-element_type=\"widget\" data-e-type=\"widget\" data-widget_type=\"heading.default\">\n\t\t\t\t<div class=\"elementor-widget-container\">\n\t\t\t\t\t<h2 class=\"elementor-heading-title elementor-size-default\">F\u00e4higkeiten zur Bestandsoptimierung:<\/h2>\t\t\t\t<\/div>\n\t\t\t\t<\/div>\n\t\t\t\t<div class=\"elementor-element elementor-element-bad7a36 animated-slow elementor-widget elementor-widget-text-editor\" data-id=\"bad7a36\" data-element_type=\"widget\" data-e-type=\"widget\" data-settings=\"{&quot;_animation&quot;:&quot;none&quot;}\" data-widget_type=\"text-editor.default\">\n\t\t\t\t<div class=\"elementor-widget-container\">\n\t\t\t\t\t\t\t\t\t<ul><li>Single- und Multi-Echelon-Bestandsoptimierung (MEIO) durch IBP for Inventory<\/li><li>ABC\/XYZ-Segmentierung f\u00fcr Produkte<\/li><li>Prognosefehleranalyse<\/li><li>Was-w\u00e4re-wenn-Szenarioanalyse zur Bewertung von Planungsalternativen<\/li><\/ul>\t\t\t\t\t\t\t\t<\/div>\n\t\t\t\t<\/div>\n\t\t\t\t\t<\/div>\n\t\t<\/div>\n\t\t\t\t<div class=\"elementor-column elementor-col-33 elementor-top-column elementor-element elementor-element-e54979a\" data-id=\"e54979a\" data-element_type=\"column\" data-e-type=\"column\">\n\t\t\t<div class=\"elementor-widget-wrap elementor-element-populated\">\n\t\t\t\t\t\t<div class=\"elementor-element elementor-element-555ef14 elementor-widget elementor-widget-heading\" data-id=\"555ef14\" data-element_type=\"widget\" data-e-type=\"widget\" data-widget_type=\"heading.default\">\n\t\t\t\t<div class=\"elementor-widget-container\">\n\t\t\t\t\t<h2 class=\"elementor-heading-title elementor-size-default\">Typische Ergebnisse:<\/h2>\t\t\t\t<\/div>\n\t\t\t\t<\/div>\n\t\t\t\t<div class=\"elementor-element elementor-element-c9d8194 animated-slow elementor-widget elementor-widget-text-editor\" data-id=\"c9d8194\" data-element_type=\"widget\" data-e-type=\"widget\" data-settings=\"{&quot;_animation&quot;:&quot;none&quot;}\" data-widget_type=\"text-editor.default\">\n\t\t\t\t<div class=\"elementor-widget-container\">\n\t\t\t\t\t\t\t\t\t<ul><li>5\u201330 % Bestandsreduzierung bei gleichbleibendem oder verbessertem Service-Level<\/li><li>Verbesserte Lagerumschlagsh\u00e4ufigkeit und Working-Capital-Effizienz<\/li><li>Reduzierte Fehlbest\u00e4nde und Eilauftragskosten<\/li><li>Geringere Veralterung und Bestandsabschreibungen<\/li><\/ul>\t\t\t\t\t\t\t\t<\/div>\n\t\t\t\t<\/div>\n\t\t\t\t<div class=\"elementor-element elementor-element-50c894f animated-slow elementor-widget elementor-widget-text-editor\" data-id=\"50c894f\" data-element_type=\"widget\" data-e-type=\"widget\" data-settings=\"{&quot;_animation&quot;:&quot;none&quot;}\" data-widget_type=\"text-editor.default\">\n\t\t\t\t<div class=\"elementor-widget-container\">\n\t\t\t\t\t\t\t\t\tWir sind fest davon \u00fcberzeugt, dass ein strukturierter Ansatz zur Bestandsoptimierung zusammen mit dem richtigen Ma\u00df an Bef\u00e4higung Ihrer Organisation erhebliche Vorteile bringen kann.\t\t\t\t\t\t\t\t<\/div>\n\t\t\t\t<\/div>\n\t\t\t\t\t<\/div>\n\t\t<\/div>\n\t\t\t\t\t<\/div>\n\t\t<\/section>\n\t\t\t\t<\/div>\n\t\t","protected":false},"excerpt":{"rendered":"<p>Bestands&shy;optimierung. Westernacher Consulting wendet wissenschaftliche Methoden zur Bestandsoptimierung an, um 15\u201330 % Bestandsreduzierung bei gleichzeitiger Aufrechterhaltung oder Verbesserung der Servicelevel zu erreichen. Westernacher Consulting implementiert Multi-Echelon-Bestandsoptimierung, statistische Sicherheitsbestandsberechnung und segmentierungsbasierte Bevorratungsstrategien \u00fcber das Supply-Chain-Netzwerk hinweg, unter Ber\u00fccksichtigung von Nachfrageunsicherheit, Angebotsvariabilit\u00e4t und differenzierten Servicelevel-Zielen, um Working Capital zu minimieren und gleichzeitig Produktverf\u00fcgbarkeit sicherzustellen. Expertise in der [&hellip;]<\/p>\n","protected":false},"author":8,"featured_media":0,"parent":157265,"menu_order":60,"comment_status":"closed","ping_status":"closed","template":"elementor_header_footer","meta":{"_acf_changed":false,"content-type":"","footnotes":""},"class_list":["post-157302","page","type-page","status-publish","hentry"],"acf":[],"_links":{"self":[{"href":"https:\/\/westernacher.com\/de\/wp-json\/wp\/v2\/pages\/157302","targetHints":{"allow":["GET"]}}],"collection":[{"href":"https:\/\/westernacher.com\/de\/wp-json\/wp\/v2\/pages"}],"about":[{"href":"https:\/\/westernacher.com\/de\/wp-json\/wp\/v2\/types\/page"}],"author":[{"embeddable":true,"href":"https:\/\/westernacher.com\/de\/wp-json\/wp\/v2\/users\/8"}],"replies":[{"embeddable":true,"href":"https:\/\/westernacher.com\/de\/wp-json\/wp\/v2\/comments?post=157302"}],"version-history":[{"count":6,"href":"https:\/\/westernacher.com\/de\/wp-json\/wp\/v2\/pages\/157302\/revisions"}],"predecessor-version":[{"id":158365,"href":"https:\/\/westernacher.com\/de\/wp-json\/wp\/v2\/pages\/157302\/revisions\/158365"}],"up":[{"embeddable":true,"href":"https:\/\/westernacher.com\/de\/wp-json\/wp\/v2\/pages\/157265"}],"wp:attachment":[{"href":"https:\/\/westernacher.com\/de\/wp-json\/wp\/v2\/media?parent=157302"}],"curies":[{"name":"wp","href":"https:\/\/api.w.org\/{rel}","templated":true}]}}