{"id":157290,"date":"2026-03-30T09:57:50","date_gmt":"2026-03-30T07:57:50","guid":{"rendered":"https:\/\/westernacher.com\/?page_id=157290"},"modified":"2026-03-30T11:08:56","modified_gmt":"2026-03-30T09:08:56","slug":"integration-von-mengen-und-finanzplanung","status":"publish","type":"page","link":"https:\/\/westernacher.com\/de\/supply-chain-planning\/integration-von-mengen-und-finanzplanung\/","title":{"rendered":"Supply Chain Planning Expertise: Integration von Mengen- und Finanzplanung | GER"},"content":{"rendered":"\t\t<div data-elementor-type=\"wp-page\" data-elementor-id=\"157290\" class=\"elementor elementor-157290 elementor-156051\" data-elementor-post-type=\"page\">\n\t\t\t\t\t\t<section class=\"elementor-section elementor-top-section elementor-element elementor-element-60379393 elementor-section-height-full elementor-section-content-middle elementor-section-boxed elementor-section-height-default elementor-section-items-middle\" data-id=\"60379393\" data-element_type=\"section\" data-e-type=\"section\" data-settings=\"{&quot;jet_parallax_layout_list&quot;:[{&quot;jet_parallax_layout_image&quot;:{&quot;url&quot;:&quot;&quot;,&quot;id&quot;:&quot;&quot;,&quot;size&quot;:&quot;&quot;},&quot;_id&quot;:&quot;ad972cc&quot;,&quot;jet_parallax_layout_image_tablet&quot;:{&quot;url&quot;:&quot;&quot;,&quot;id&quot;:&quot;&quot;,&quot;size&quot;:&quot;&quot;},&quot;jet_parallax_layout_image_mobile&quot;:{&quot;url&quot;:&quot;&quot;,&quot;id&quot;:&quot;&quot;,&quot;size&quot;:&quot;&quot;},&quot;jet_parallax_layout_speed&quot;:{&quot;unit&quot;:&quot;%&quot;,&quot;size&quot;:50,&quot;sizes&quot;:[]},&quot;jet_parallax_layout_type&quot;:&quot;scroll&quot;,&quot;jet_parallax_layout_direction&quot;:&quot;1&quot;,&quot;jet_parallax_layout_fx_direction&quot;:null,&quot;jet_parallax_layout_z_index&quot;:&quot;&quot;,&quot;jet_parallax_layout_bg_x&quot;:50,&quot;jet_parallax_layout_bg_x_tablet&quot;:&quot;&quot;,&quot;jet_parallax_layout_bg_x_mobile&quot;:&quot;&quot;,&quot;jet_parallax_layout_bg_y&quot;:50,&quot;jet_parallax_layout_bg_y_tablet&quot;:&quot;&quot;,&quot;jet_parallax_layout_bg_y_mobile&quot;:&quot;&quot;,&quot;jet_parallax_layout_bg_size&quot;:&quot;auto&quot;,&quot;jet_parallax_layout_bg_size_tablet&quot;:&quot;&quot;,&quot;jet_parallax_layout_bg_size_mobile&quot;:&quot;&quot;,&quot;jet_parallax_layout_animation_prop&quot;:&quot;transform&quot;,&quot;jet_parallax_layout_on&quot;:[&quot;desktop&quot;,&quot;tablet&quot;]}]}\">\n\t\t\t\t\t\t<div class=\"elementor-container elementor-column-gap-default\">\n\t\t\t\t\t<div class=\"elementor-column elementor-col-100 elementor-top-column elementor-element elementor-element-6decbb84\" data-id=\"6decbb84\" data-element_type=\"column\" data-e-type=\"column\">\n\t\t\t<div class=\"elementor-widget-wrap elementor-element-populated\">\n\t\t\t\t\t\t<section class=\"elementor-section elementor-inner-section elementor-element elementor-element-a4545a5 elementor-section-boxed elementor-section-height-default elementor-section-height-default\" data-id=\"a4545a5\" data-element_type=\"section\" data-e-type=\"section\" data-settings=\"{&quot;jet_parallax_layout_list&quot;:[]}\">\n\t\t\t\t\t\t<div class=\"elementor-container elementor-column-gap-no\">\n\t\t\t\t\t<div class=\"elementor-column elementor-col-100 elementor-inner-column elementor-element elementor-element-eb4a708\" data-id=\"eb4a708\" data-element_type=\"column\" data-e-type=\"column\">\n\t\t\t<div class=\"elementor-widget-wrap elementor-element-populated\">\n\t\t\t\t\t\t<div class=\"elementor-element elementor-element-61f0ed66 uael-mobile-dual-heading-align-left uael-dual-heading-align-left elementor-widget elementor-widget-uael-dual-color-heading\" data-id=\"61f0ed66\" data-element_type=\"widget\" data-e-type=\"widget\" data-widget_type=\"uael-dual-color-heading.default\">\n\t\t\t\t<div class=\"elementor-widget-container\">\n\t\t\t\t\t\t\t\t\t<div class=\"uael-module-content uael-dual-color-heading uael-heading-stack-none\">\n\t\t\t<h1>\n\t\t\t\t\t\t\t\t\t\t\t\t\t\t\t\t<span class=\"uael-before-heading\"><span class=\"elementor-inline-editing uael-dual-heading-text uael-first-text\" data-elementor-setting-key=\"before_heading_text\" data-elementor-inline-editing-toolbar=\"basic\">Integration von Mengen- und Finanzplanung<\/span><\/span><span class=\"uael-adv-heading-stack\"><span class=\"elementor-inline-editing uael-dual-heading-text uael-highlight-text\" data-elementor-setting-key=\"second_heading_text\" data-elementor-inline-editing-toolbar=\"basic\">.<\/span><\/span>\t\t\t\t\t\t\t\t\t\t\t\t\t<\/h1>\n\t\t<\/div>\n\t\t\t\t\t\t<\/div>\n\t\t\t\t<\/div>\n\t\t\t\t<div class=\"elementor-element elementor-element-b3cec5b animated-slow elementor-invisible elementor-widget elementor-widget-spacer\" data-id=\"b3cec5b\" data-element_type=\"widget\" data-e-type=\"widget\" data-settings=\"{&quot;_animation&quot;:&quot;fadeInLeft&quot;}\" data-widget_type=\"spacer.default\">\n\t\t\t\t<div class=\"elementor-widget-container\">\n\t\t\t\t\t\t\t<div class=\"elementor-spacer\">\n\t\t\t<div class=\"elementor-spacer-inner\"><\/div>\n\t\t<\/div>\n\t\t\t\t\t\t<\/div>\n\t\t\t\t<\/div>\n\t\t\t\t\t<\/div>\n\t\t<\/div>\n\t\t\t\t\t<\/div>\n\t\t<\/section>\n\t\t\t\t<div class=\"elementor-element elementor-element-0825dfb elementor-widget elementor-widget-spacer\" data-id=\"0825dfb\" data-element_type=\"widget\" data-e-type=\"widget\" data-widget_type=\"spacer.default\">\n\t\t\t\t<div class=\"elementor-widget-container\">\n\t\t\t\t\t\t\t<div class=\"elementor-spacer\">\n\t\t\t<div class=\"elementor-spacer-inner\"><\/div>\n\t\t<\/div>\n\t\t\t\t\t\t<\/div>\n\t\t\t\t<\/div>\n\t\t\t\t<section class=\"elementor-section elementor-inner-section elementor-element elementor-element-725b05e elementor-section-boxed elementor-section-height-default elementor-section-height-default\" data-id=\"725b05e\" data-element_type=\"section\" data-e-type=\"section\" data-settings=\"{&quot;jet_parallax_layout_list&quot;:[]}\">\n\t\t\t\t\t\t<div class=\"elementor-container elementor-column-gap-no\">\n\t\t\t\t\t<div class=\"elementor-column elementor-col-50 elementor-inner-column elementor-element elementor-element-4bdf9d5\" data-id=\"4bdf9d5\" data-element_type=\"column\" data-e-type=\"column\">\n\t\t\t<div class=\"elementor-widget-wrap elementor-element-populated\">\n\t\t\t\t\t\t<div class=\"elementor-element elementor-element-4eaa4cc animated-slow elementor-invisible elementor-widget elementor-widget-text-editor\" data-id=\"4eaa4cc\" data-element_type=\"widget\" data-e-type=\"widget\" data-settings=\"{&quot;_animation&quot;:&quot;fadeInUp&quot;}\" data-widget_type=\"text-editor.default\">\n\t\t\t\t<div class=\"elementor-widget-container\">\n\t\t\t\t\t\t\t\t\tWesternacher Consulting integriert strategische, operative und finanzielle Planungsprozesse in ein geschlossenes Framework, das Budgetierung, Zielsetzung und Volumenplanung verbindet. Dieser ganzheitliche Ansatz richtet die Unternehmensziele an den realen operativen Kapazit\u00e4ten aus und erm\u00f6glicht eine funktions\u00fcbergreifende Zusammenarbeit zwischen Finanz-, Betriebs- und Supply-Chain-Teams. Die Implementierungen der integrierten Gesch\u00e4ftsplanung von Westernacher verbessern die Prognosegenauigkeit sowie die organisatorische Agilit\u00e4t. Dies erm\u00f6glicht eine schnellere Reaktion auf \u00c4nderungen bei Nachfrage, Angebot oder Marktbedingungen und unterst\u00fctzt gleichzeitig eine fundierte Entscheidungsfindung, Ressourcenoptimierung und das Erreichen strategischer Ziele. \t\t\t\t\t\t\t\t<\/div>\n\t\t\t\t<\/div>\n\t\t\t\t<div class=\"elementor-element elementor-element-3bf105a elementor-widget elementor-widget-spacer\" data-id=\"3bf105a\" data-element_type=\"widget\" data-e-type=\"widget\" data-widget_type=\"spacer.default\">\n\t\t\t\t<div class=\"elementor-widget-container\">\n\t\t\t\t\t\t\t<div class=\"elementor-spacer\">\n\t\t\t<div class=\"elementor-spacer-inner\"><\/div>\n\t\t<\/div>\n\t\t\t\t\t\t<\/div>\n\t\t\t\t<\/div>\n\t\t\t\t<div class=\"elementor-element elementor-element-357b401 animated-slow elementor-align-left elementor-invisible elementor-widget elementor-widget-button\" data-id=\"357b401\" data-element_type=\"widget\" data-e-type=\"widget\" data-settings=\"{&quot;_animation&quot;:&quot;fadeInUp&quot;,&quot;_animation_delay&quot;:500}\" data-widget_type=\"button.default\">\n\t\t\t\t<div class=\"elementor-widget-container\">\n\t\t\t\t\t\t\t\t\t<div class=\"elementor-button-wrapper\">\n\t\t\t\t\t<a class=\"elementor-button elementor-button-link elementor-size-md\" href=\"https:\/\/westernacher.com\/de\/business-planning-analytics\/\" target=\"_blank\">\n\t\t\t\t\t\t<span class=\"elementor-button-content-wrapper\">\n\t\t\t\t\t\t<span class=\"elementor-button-icon\">\n\t\t\t\t<i aria-hidden=\"true\" class=\"eci  fontello-1caf72f4-read-more\"><\/i>\t\t\t<\/span>\n\t\t\t\t\t\t\t\t\t<span class=\"elementor-button-text\">Mehr \u00fcber unsere Expertise im Bereich Finanzplanung &amp; Analytics<\/span>\n\t\t\t\t\t<\/span>\n\t\t\t\t\t<\/a>\n\t\t\t\t<\/div>\n\t\t\t\t\t\t\t\t<\/div>\n\t\t\t\t<\/div>\n\t\t\t\t\t<\/div>\n\t\t<\/div>\n\t\t\t\t<div class=\"elementor-column elementor-col-50 elementor-inner-column elementor-element elementor-element-d65fde1\" data-id=\"d65fde1\" data-element_type=\"column\" data-e-type=\"column\">\n\t\t\t<div class=\"elementor-widget-wrap\">\n\t\t\t\t\t\t\t<\/div>\n\t\t<\/div>\n\t\t\t\t\t<\/div>\n\t\t<\/section>\n\t\t\t\t\t<\/div>\n\t\t<\/div>\n\t\t\t\t\t<\/div>\n\t\t<\/section>\n\t\t\t\t<section class=\"elementor-section elementor-top-section elementor-element elementor-element-c096f35 elementor-section-boxed elementor-section-height-default elementor-section-height-default\" data-id=\"c096f35\" data-element_type=\"section\" data-e-type=\"section\" data-settings=\"{&quot;jet_parallax_layout_list&quot;:[]}\">\n\t\t\t\t\t\t<div class=\"elementor-container elementor-column-gap-no\">\n\t\t\t\t\t<div class=\"elementor-column elementor-col-50 elementor-top-column elementor-element elementor-element-3b49653\" data-id=\"3b49653\" data-element_type=\"column\" data-e-type=\"column\">\n\t\t\t<div class=\"elementor-widget-wrap elementor-element-populated\">\n\t\t\t\t\t\t<div class=\"elementor-element elementor-element-e4e4752 elementor-widget elementor-widget-heading\" data-id=\"e4e4752\" data-element_type=\"widget\" data-e-type=\"widget\" data-widget_type=\"heading.default\">\n\t\t\t\t<div class=\"elementor-widget-container\">\n\t\t\t\t\t<h2 class=\"elementor-heading-title elementor-size-default\">Unsere Expertise bei der IBP-SAC-Integration:<\/h2>\t\t\t\t<\/div>\n\t\t\t\t<\/div>\n\t\t\t\t<div class=\"elementor-element elementor-element-d9a3877 animated-slow elementor-invisible elementor-widget elementor-widget-text-editor\" data-id=\"d9a3877\" data-element_type=\"widget\" data-e-type=\"widget\" data-settings=\"{&quot;_animation&quot;:&quot;fadeInUp&quot;}\" data-widget_type=\"text-editor.default\">\n\t\t\t\t<div class=\"elementor-widget-container\">\n\t\t\t\t\t\t\t\t\tDie Integration von SAP IBP und SAP Analytics Cloud f\u00fchrt die Bedarfs-, Bestands-, Beschaffungs- und S&amp;OP-Planung mit robusten Analyse- und Visualisierungsfunktionen zusammen. Anwender k\u00f6nnen die fortschrittlichen Reporting-, Dashboarding- und Predictive-Analytics-Funktionen von SAC direkt in IBP-Workflows nutzen, was tiefere Analysen und eine agilere Reaktion auf die Gesch\u00e4ftsdynamik erm\u00f6glicht. \t\t\t\t\t\t\t\t<\/div>\n\t\t\t\t<\/div>\n\t\t\t\t\t<\/div>\n\t\t<\/div>\n\t\t\t\t<div class=\"elementor-column elementor-col-50 elementor-top-column elementor-element elementor-element-99e7d7c\" data-id=\"99e7d7c\" data-element_type=\"column\" data-e-type=\"column\">\n\t\t\t<div class=\"elementor-widget-wrap elementor-element-populated\">\n\t\t\t\t\t\t<div class=\"elementor-element elementor-element-1cd79797 elementor-widget elementor-widget-heading\" data-id=\"1cd79797\" data-element_type=\"widget\" data-e-type=\"widget\" data-widget_type=\"heading.default\">\n\t\t\t\t<div class=\"elementor-widget-container\">\n\t\t\t\t\t<h2 class=\"elementor-heading-title elementor-size-default\">Kernkompetenzen:<\/h2>\t\t\t\t<\/div>\n\t\t\t\t<\/div>\n\t\t\t\t<div class=\"elementor-element elementor-element-bad7a36 animated-slow elementor-invisible elementor-widget elementor-widget-text-editor\" data-id=\"bad7a36\" data-element_type=\"widget\" data-e-type=\"widget\" data-settings=\"{&quot;_animation&quot;:&quot;fadeInUp&quot;}\" data-widget_type=\"text-editor.default\">\n\t\t\t\t<div class=\"elementor-widget-container\">\n\t\t\t\t\t\t\t\t\t<ul><li>SAP IBP f\u00fcr Rentabilit\u00e4tsszenarien zur Bewertung alternativer Versorgungspl\u00e4ne<\/li><li>SAP Analytics Cloud f\u00fcr die Finanzplanung und zus\u00e4tzliche Reporting-Funktionen<\/li><\/ul>\t\t\t\t\t\t\t\t<\/div>\n\t\t\t\t<\/div>\n\t\t\t\t\t<\/div>\n\t\t<\/div>\n\t\t\t\t\t<\/div>\n\t\t<\/section>\n\t\t\t\t<\/div>\n\t\t","protected":false},"excerpt":{"rendered":"<p>Integration von Mengen- und Finanzplanung. Westernacher Consulting integriert strategische, operative und finanzielle Planungsprozesse in ein geschlossenes Framework, das Budgetierung, Zielsetzung und Volumenplanung verbindet. Dieser ganzheitliche Ansatz richtet die Unternehmensziele an den realen operativen Kapazit\u00e4ten aus und erm\u00f6glicht eine funktions\u00fcbergreifende Zusammenarbeit zwischen Finanz-, Betriebs- und Supply-Chain-Teams. Die Implementierungen der integrierten Gesch\u00e4ftsplanung von Westernacher verbessern die Prognosegenauigkeit [&hellip;]<\/p>\n","protected":false},"author":8,"featured_media":0,"parent":157265,"menu_order":33,"comment_status":"closed","ping_status":"closed","template":"elementor_header_footer","meta":{"_acf_changed":false,"content-type":"","footnotes":""},"class_list":["post-157290","page","type-page","status-publish","hentry"],"acf":[],"_links":{"self":[{"href":"https:\/\/westernacher.com\/de\/wp-json\/wp\/v2\/pages\/157290","targetHints":{"allow":["GET"]}}],"collection":[{"href":"https:\/\/westernacher.com\/de\/wp-json\/wp\/v2\/pages"}],"about":[{"href":"https:\/\/westernacher.com\/de\/wp-json\/wp\/v2\/types\/page"}],"author":[{"embeddable":true,"href":"https:\/\/westernacher.com\/de\/wp-json\/wp\/v2\/users\/8"}],"replies":[{"embeddable":true,"href":"https:\/\/westernacher.com\/de\/wp-json\/wp\/v2\/comments?post=157290"}],"version-history":[{"count":8,"href":"https:\/\/westernacher.com\/de\/wp-json\/wp\/v2\/pages\/157290\/revisions"}],"predecessor-version":[{"id":158357,"href":"https:\/\/westernacher.com\/de\/wp-json\/wp\/v2\/pages\/157290\/revisions\/158357"}],"up":[{"embeddable":true,"href":"https:\/\/westernacher.com\/de\/wp-json\/wp\/v2\/pages\/157265"}],"wp:attachment":[{"href":"https:\/\/westernacher.com\/de\/wp-json\/wp\/v2\/media?parent=157290"}],"curies":[{"name":"wp","href":"https:\/\/api.w.org\/{rel}","templated":true}]}}