{"id":157288,"date":"2026-03-30T09:42:38","date_gmt":"2026-03-30T07:42:38","guid":{"rendered":"https:\/\/westernacher.com\/?page_id=157288"},"modified":"2026-03-30T09:44:24","modified_gmt":"2026-03-30T07:44:24","slug":"apo-zu-sap-ibp-transformation","status":"publish","type":"page","link":"https:\/\/westernacher.com\/de\/supply-chain-planning\/apo-zu-sap-ibp-transformation\/","title":{"rendered":"Supply Chain Planning Expertise: APO-to-IBP transformation | GER"},"content":{"rendered":"\t\t<div data-elementor-type=\"wp-page\" data-elementor-id=\"157288\" class=\"elementor elementor-157288 elementor-156056\" data-elementor-post-type=\"page\">\n\t\t\t\t\t\t<section class=\"elementor-section elementor-top-section elementor-element elementor-element-60379393 elementor-section-height-full elementor-section-content-middle elementor-section-boxed elementor-section-height-default elementor-section-items-middle\" data-id=\"60379393\" data-element_type=\"section\" data-e-type=\"section\" data-settings=\"{&quot;jet_parallax_layout_list&quot;:[{&quot;jet_parallax_layout_image&quot;:{&quot;url&quot;:&quot;&quot;,&quot;id&quot;:&quot;&quot;,&quot;size&quot;:&quot;&quot;},&quot;_id&quot;:&quot;ad972cc&quot;,&quot;jet_parallax_layout_image_tablet&quot;:{&quot;url&quot;:&quot;&quot;,&quot;id&quot;:&quot;&quot;,&quot;size&quot;:&quot;&quot;},&quot;jet_parallax_layout_image_mobile&quot;:{&quot;url&quot;:&quot;&quot;,&quot;id&quot;:&quot;&quot;,&quot;size&quot;:&quot;&quot;},&quot;jet_parallax_layout_speed&quot;:{&quot;unit&quot;:&quot;%&quot;,&quot;size&quot;:50,&quot;sizes&quot;:[]},&quot;jet_parallax_layout_type&quot;:&quot;scroll&quot;,&quot;jet_parallax_layout_direction&quot;:&quot;1&quot;,&quot;jet_parallax_layout_fx_direction&quot;:null,&quot;jet_parallax_layout_z_index&quot;:&quot;&quot;,&quot;jet_parallax_layout_bg_x&quot;:50,&quot;jet_parallax_layout_bg_x_tablet&quot;:&quot;&quot;,&quot;jet_parallax_layout_bg_x_mobile&quot;:&quot;&quot;,&quot;jet_parallax_layout_bg_y&quot;:50,&quot;jet_parallax_layout_bg_y_tablet&quot;:&quot;&quot;,&quot;jet_parallax_layout_bg_y_mobile&quot;:&quot;&quot;,&quot;jet_parallax_layout_bg_size&quot;:&quot;auto&quot;,&quot;jet_parallax_layout_bg_size_tablet&quot;:&quot;&quot;,&quot;jet_parallax_layout_bg_size_mobile&quot;:&quot;&quot;,&quot;jet_parallax_layout_animation_prop&quot;:&quot;transform&quot;,&quot;jet_parallax_layout_on&quot;:[&quot;desktop&quot;,&quot;tablet&quot;]}]}\">\n\t\t\t\t\t\t<div class=\"elementor-container elementor-column-gap-default\">\n\t\t\t\t\t<div class=\"elementor-column elementor-col-100 elementor-top-column elementor-element elementor-element-6decbb84\" data-id=\"6decbb84\" data-element_type=\"column\" data-e-type=\"column\">\n\t\t\t<div class=\"elementor-widget-wrap elementor-element-populated\">\n\t\t\t\t\t\t<section class=\"elementor-section elementor-inner-section elementor-element elementor-element-a4545a5 elementor-section-boxed elementor-section-height-default elementor-section-height-default\" data-id=\"a4545a5\" data-element_type=\"section\" data-e-type=\"section\" data-settings=\"{&quot;jet_parallax_layout_list&quot;:[]}\">\n\t\t\t\t\t\t<div class=\"elementor-container elementor-column-gap-no\">\n\t\t\t\t\t<div class=\"elementor-column elementor-col-100 elementor-inner-column elementor-element elementor-element-eb4a708\" data-id=\"eb4a708\" data-element_type=\"column\" data-e-type=\"column\">\n\t\t\t<div class=\"elementor-widget-wrap elementor-element-populated\">\n\t\t\t\t\t\t<div class=\"elementor-element elementor-element-61f0ed66 uael-mobile-dual-heading-align-left uael-dual-heading-align-left elementor-widget elementor-widget-uael-dual-color-heading\" data-id=\"61f0ed66\" data-element_type=\"widget\" data-e-type=\"widget\" data-widget_type=\"uael-dual-color-heading.default\">\n\t\t\t\t<div class=\"elementor-widget-container\">\n\t\t\t\t\t\t\t\t\t<div class=\"uael-module-content uael-dual-color-heading uael-heading-stack-none\">\n\t\t\t<h1>\n\t\t\t\t\t\t\t\t\t\t\t\t\t\t\t\t<span class=\"uael-before-heading\"><span class=\"elementor-inline-editing uael-dual-heading-text uael-first-text\" data-elementor-setting-key=\"before_heading_text\" data-elementor-inline-editing-toolbar=\"basic\">APO-zu-SAP-IBP-Transformation. <\/span><\/span><span class=\"uael-adv-heading-stack\"><span class=\"elementor-inline-editing uael-dual-heading-text uael-highlight-text\" data-elementor-setting-key=\"second_heading_text\" data-elementor-inline-editing-toolbar=\"basic\">Die Zukunft gestalten mit KI-Innovation.<\/span><\/span>\t\t\t\t\t\t\t\t\t\t\t\t\t<\/h1>\n\t\t<\/div>\n\t\t\t\t\t\t<\/div>\n\t\t\t\t<\/div>\n\t\t\t\t<div class=\"elementor-element elementor-element-b3cec5b animated-slow elementor-invisible elementor-widget elementor-widget-spacer\" data-id=\"b3cec5b\" data-element_type=\"widget\" data-e-type=\"widget\" data-settings=\"{&quot;_animation&quot;:&quot;fadeInLeft&quot;}\" data-widget_type=\"spacer.default\">\n\t\t\t\t<div class=\"elementor-widget-container\">\n\t\t\t\t\t\t\t<div class=\"elementor-spacer\">\n\t\t\t<div class=\"elementor-spacer-inner\"><\/div>\n\t\t<\/div>\n\t\t\t\t\t\t<\/div>\n\t\t\t\t<\/div>\n\t\t\t\t\t<\/div>\n\t\t<\/div>\n\t\t\t\t\t<\/div>\n\t\t<\/section>\n\t\t\t\t<div class=\"elementor-element elementor-element-0825dfb elementor-widget elementor-widget-spacer\" data-id=\"0825dfb\" data-element_type=\"widget\" data-e-type=\"widget\" data-widget_type=\"spacer.default\">\n\t\t\t\t<div class=\"elementor-widget-container\">\n\t\t\t\t\t\t\t<div class=\"elementor-spacer\">\n\t\t\t<div class=\"elementor-spacer-inner\"><\/div>\n\t\t<\/div>\n\t\t\t\t\t\t<\/div>\n\t\t\t\t<\/div>\n\t\t\t\t<section class=\"elementor-section elementor-inner-section elementor-element elementor-element-725b05e elementor-section-boxed elementor-section-height-default elementor-section-height-default\" data-id=\"725b05e\" data-element_type=\"section\" data-e-type=\"section\" data-settings=\"{&quot;jet_parallax_layout_list&quot;:[]}\">\n\t\t\t\t\t\t<div class=\"elementor-container elementor-column-gap-no\">\n\t\t\t\t\t<div class=\"elementor-column elementor-col-50 elementor-inner-column elementor-element elementor-element-4bdf9d5\" data-id=\"4bdf9d5\" data-element_type=\"column\" data-e-type=\"column\">\n\t\t\t<div class=\"elementor-widget-wrap elementor-element-populated\">\n\t\t\t\t\t\t<div class=\"elementor-element elementor-element-4eaa4cc animated-slow elementor-invisible elementor-widget elementor-widget-text-editor\" data-id=\"4eaa4cc\" data-element_type=\"widget\" data-e-type=\"widget\" data-settings=\"{&quot;_animation&quot;:&quot;fadeInUp&quot;}\" data-widget_type=\"text-editor.default\">\n\t\t\t\t<div class=\"elementor-widget-container\">\n\t\t\t\t\t\t\t\t\tWir unterst\u00fctzen Organisationen beim \u00dcbergang von SAP Advanced Planning and Optimization (SAP APO) zu SAP Integrated Business Planning (SAP IBP), wobei 2026 das kritische Zeitfenster markiert, um diese Transformation vor dem End-of-Life von SAP APO zu beginnen. Der APO-zu-IBP-Migrationsansatz von Westernacher geht \u00fcber einen reinen Systemwechsel hinaus und erschlie\u00dft KI-gest\u00fctzte Planungsfunktionen, die Supply-Chain-Prozesse von reaktiv zu proaktiv transformieren \u2013 durch automatisierte Entscheidungsunterst\u00fctzung, intelligente Szenarioplanung und Echtzeitorchestrierung.\t\t\t\t\t\t\t\t<\/div>\n\t\t\t\t<\/div>\n\t\t\t\t<div class=\"elementor-element elementor-element-a20545e animated-slow elementor-invisible elementor-widget elementor-widget-text-editor\" data-id=\"a20545e\" data-element_type=\"widget\" data-e-type=\"widget\" data-settings=\"{&quot;_animation&quot;:&quot;fadeInUp&quot;}\" data-widget_type=\"text-editor.default\">\n\t\t\t\t<div class=\"elementor-widget-container\">\n\t\t\t\t\t\t\t\t\tMit dem Ende der Mainstream-Wartung f\u00fcr SAP APO im Jahr 2027 stehen Unternehmen vor mehr als nur einer technischen Upgrade-Entscheidung. Dies ist eine strategische Chance, die Planung von manuellen, reaktiven Prozessen in intelligente, proaktive und KI-gest\u00fctzte Abl\u00e4ufe zu transformieren. SAP IBP ist nicht nur der Nachfolger von APO \u2013 es l\u00e4utet eine v\u00f6llig neue Art der Planung ein.  \t\t\t\t\t\t\t\t<\/div>\n\t\t\t\t<\/div>\n\t\t\t\t\t<\/div>\n\t\t<\/div>\n\t\t\t\t<div class=\"elementor-column elementor-col-50 elementor-inner-column elementor-element elementor-element-d65fde1\" data-id=\"d65fde1\" data-element_type=\"column\" data-e-type=\"column\">\n\t\t\t<div class=\"elementor-widget-wrap\">\n\t\t\t\t\t\t\t<\/div>\n\t\t<\/div>\n\t\t\t\t\t<\/div>\n\t\t<\/section>\n\t\t\t\t\t<\/div>\n\t\t<\/div>\n\t\t\t\t\t<\/div>\n\t\t<\/section>\n\t\t\t\t<section class=\"elementor-section elementor-top-section elementor-element elementor-element-c096f35 elementor-section-boxed elementor-section-height-default elementor-section-height-default\" data-id=\"c096f35\" data-element_type=\"section\" data-e-type=\"section\" data-settings=\"{&quot;jet_parallax_layout_list&quot;:[]}\">\n\t\t\t\t\t\t<div class=\"elementor-container elementor-column-gap-no\">\n\t\t\t\t\t<div class=\"elementor-column elementor-col-33 elementor-top-column elementor-element elementor-element-3b49653\" data-id=\"3b49653\" data-element_type=\"column\" data-e-type=\"column\">\n\t\t\t<div class=\"elementor-widget-wrap elementor-element-populated\">\n\t\t\t\t\t\t<div class=\"elementor-element elementor-element-e913870 elementor-widget elementor-widget-heading\" data-id=\"e913870\" data-element_type=\"widget\" data-e-type=\"widget\" data-widget_type=\"heading.default\">\n\t\t\t\t<div class=\"elementor-widget-container\">\n\t\t\t\t\t<h2 class=\"elementor-heading-title elementor-size-default\"><span style=\"color: #1596d1\">Jetzt ist der richtige Zeitpunkt zu handeln. <\/span>Wenn Sie Ihre APO-zu-IBP-Transformation im Jahr 2026 starten, stellen Sie sicher, dass Sie:<\/h2>\t\t\t\t<\/div>\n\t\t\t\t<\/div>\n\t\t\t\t<div class=\"elementor-element elementor-element-d9a3877 animated-slow elementor-invisible elementor-widget elementor-widget-text-editor\" data-id=\"d9a3877\" data-element_type=\"widget\" data-e-type=\"widget\" data-settings=\"{&quot;_animation&quot;:&quot;fadeInUp&quot;}\" data-widget_type=\"text-editor.default\">\n\t\t\t\t<div class=\"elementor-widget-container\">\n\t\t\t\t\t\t\t\t\t<ul><li>Das Ende der Wartung vermeiden: Die Mainstream-Wartung f\u00fcr APO endet 2027<\/li><li>Ressourcen sichern: Die Expertise von SAP und Partnern ist zunehmend begrenzt<\/li><li>Strategisch budgetieren: Planen Sie die Transformationsinvestition \u00fcber die Gesch\u00e4ftsjahre 2026\u20132027<\/li><li>Wertsch\u00f6pfung maximieren: Eine fr\u00fchere Migration bedeutet l\u00e4ngere Nutzenrealisierung<\/li><li>Transformieren, nicht replizieren: Zeit, Prozesse neu zu gestalten, statt eine technische Migration zu \u00fcberst\u00fcrzen<\/li><\/ul>\t\t\t\t\t\t\t\t<\/div>\n\t\t\t\t<\/div>\n\t\t\t\t\t<\/div>\n\t\t<\/div>\n\t\t\t\t<div class=\"elementor-column elementor-col-33 elementor-top-column elementor-element elementor-element-fe1a82c\" data-id=\"fe1a82c\" data-element_type=\"column\" data-e-type=\"column\">\n\t\t\t<div class=\"elementor-widget-wrap elementor-element-populated\">\n\t\t\t\t\t\t<div class=\"elementor-element elementor-element-ae21c85 elementor-widget elementor-widget-heading\" data-id=\"ae21c85\" data-element_type=\"widget\" data-e-type=\"widget\" data-widget_type=\"heading.default\">\n\t\t\t\t<div class=\"elementor-widget-container\">\n\t\t\t\t\t<h2 class=\"elementor-heading-title elementor-size-default\">Unsere Expertise in der APO-zu-IBP-Transformation:<\/h2>\t\t\t\t<\/div>\n\t\t\t\t<\/div>\n\t\t\t\t<div class=\"elementor-element elementor-element-178ae3d animated-slow elementor-invisible elementor-widget elementor-widget-text-editor\" data-id=\"178ae3d\" data-element_type=\"widget\" data-e-type=\"widget\" data-settings=\"{&quot;_animation&quot;:&quot;fadeInUp&quot;}\" data-widget_type=\"text-editor.default\">\n\t\t\t\t<div class=\"elementor-widget-container\">\n\t\t\t\t\t\t\t\t\t<ul><li>Fr\u00fche IBP-Pioniere (seit 2013)<strong>, <\/strong>einer der ersten SAP-Partner, die IBP eingef\u00fchrt und implementiert haben<\/li><li>Fundierte Expertise \u00fcber alle IBP-Module und Branchen hinweg<\/li><li>Nachgewiesene Erfolgsbilanz mit \u00fcber 25 erfolgreichen Transformationen<\/li><li>Bew\u00e4hrter Ansatz zur Transformation von Planungsf\u00e4higkeiten<\/li><li>Fokus auf Prozessverbesserung und Reifegradsteigerung<\/li><li>KI-Readiness in jeder Implementierung integriert<\/li><li>End-to-End-Partnerschaft<\/li><\/ul>\t\t\t\t\t\t\t\t<\/div>\n\t\t\t\t<\/div>\n\t\t\t\t\t<\/div>\n\t\t<\/div>\n\t\t\t\t<div class=\"elementor-column elementor-col-33 elementor-top-column elementor-element elementor-element-99e7d7c\" data-id=\"99e7d7c\" data-element_type=\"column\" data-e-type=\"column\">\n\t\t\t<div class=\"elementor-widget-wrap elementor-element-populated\">\n\t\t\t\t\t\t<div class=\"elementor-element elementor-element-1cd79797 elementor-widget elementor-widget-heading\" data-id=\"1cd79797\" data-element_type=\"widget\" data-e-type=\"widget\" data-widget_type=\"heading.default\">\n\t\t\t\t<div class=\"elementor-widget-container\">\n\t\t\t\t\t<h2 class=\"elementor-heading-title elementor-size-default\">Kernkompetenzen:<\/h2>\t\t\t\t<\/div>\n\t\t\t\t<\/div>\n\t\t\t\t<div class=\"elementor-element elementor-element-bad7a36 animated-slow elementor-invisible elementor-widget elementor-widget-text-editor\" data-id=\"bad7a36\" data-element_type=\"widget\" data-e-type=\"widget\" data-settings=\"{&quot;_animation&quot;:&quot;fadeInUp&quot;}\" data-widget_type=\"text-editor.default\">\n\t\t\t\t<div class=\"elementor-widget-container\">\n\t\t\t\t\t\t\t\t\t<ul><li>Strategische Roadmap-Definition bis hin zur kontinuierlichen Optimierung<\/li><li>Accelerators zur Beschleunigung der Benutzerakzeptanz und -adoption<\/li><li>Fokus auf Change Management und Kompetenzaufbau<\/li><li>Langfristige Partnerschaft \u00fcber den Go-live hinaus<\/li><\/ul>\t\t\t\t\t\t\t\t<\/div>\n\t\t\t\t<\/div>\n\t\t\t\t<div class=\"elementor-element elementor-element-6a466f2 animated-slow elementor-align-left elementor-invisible elementor-widget elementor-widget-button\" data-id=\"6a466f2\" data-element_type=\"widget\" data-e-type=\"widget\" data-settings=\"{&quot;_animation&quot;:&quot;fadeInUp&quot;,&quot;_animation_delay&quot;:500}\" data-widget_type=\"button.default\">\n\t\t\t\t<div class=\"elementor-widget-container\">\n\t\t\t\t\t\t\t\t\t<div class=\"elementor-button-wrapper\">\n\t\t\t\t\t<a class=\"elementor-button elementor-button-link elementor-size-md\" href=\"https:\/\/westernacher.com\/from-apo-to-ibp-supply-chain-planning-with-ai-innovation\/#download\" target=\"_blank\">\n\t\t\t\t\t\t<span class=\"elementor-button-content-wrapper\">\n\t\t\t\t\t\t<span class=\"elementor-button-icon\">\n\t\t\t\t<i aria-hidden=\"true\" class=\"eci  fontello-1caf72f4-read-more\"><\/i>\t\t\t<\/span>\n\t\t\t\t\t\t\t\t\t<span class=\"elementor-button-text\">Laden Sie unser Whitepaper herunter<\/span>\n\t\t\t\t\t<\/span>\n\t\t\t\t\t<\/a>\n\t\t\t\t<\/div>\n\t\t\t\t\t\t\t\t<\/div>\n\t\t\t\t<\/div>\n\t\t\t\t\t<\/div>\n\t\t<\/div>\n\t\t\t\t\t<\/div>\n\t\t<\/section>\n\t\t\t\t<\/div>\n\t\t","protected":false},"excerpt":{"rendered":"<p>APO-zu-SAP-IBP-Transformation. Die Zukunft gestalten mit KI-Innovation. Wir unterst\u00fctzen Organisationen beim \u00dcbergang von SAP Advanced Planning and Optimization (SAP APO) zu SAP Integrated Business Planning (SAP IBP), wobei 2026 das kritische Zeitfenster markiert, um diese Transformation vor dem End-of-Life von SAP APO zu beginnen. Der APO-zu-IBP-Migrationsansatz von Westernacher geht \u00fcber einen reinen Systemwechsel hinaus und erschlie\u00dft [&hellip;]<\/p>\n","protected":false},"author":8,"featured_media":0,"parent":157265,"menu_order":30,"comment_status":"closed","ping_status":"closed","template":"elementor_header_footer","meta":{"_acf_changed":false,"content-type":"","footnotes":""},"class_list":["post-157288","page","type-page","status-publish","hentry"],"acf":[],"_links":{"self":[{"href":"https:\/\/westernacher.com\/de\/wp-json\/wp\/v2\/pages\/157288","targetHints":{"allow":["GET"]}}],"collection":[{"href":"https:\/\/westernacher.com\/de\/wp-json\/wp\/v2\/pages"}],"about":[{"href":"https:\/\/westernacher.com\/de\/wp-json\/wp\/v2\/types\/page"}],"author":[{"embeddable":true,"href":"https:\/\/westernacher.com\/de\/wp-json\/wp\/v2\/users\/8"}],"replies":[{"embeddable":true,"href":"https:\/\/westernacher.com\/de\/wp-json\/wp\/v2\/comments?post=157288"}],"version-history":[{"count":5,"href":"https:\/\/westernacher.com\/de\/wp-json\/wp\/v2\/pages\/157288\/revisions"}],"predecessor-version":[{"id":158331,"href":"https:\/\/westernacher.com\/de\/wp-json\/wp\/v2\/pages\/157288\/revisions\/158331"}],"up":[{"embeddable":true,"href":"https:\/\/westernacher.com\/de\/wp-json\/wp\/v2\/pages\/157265"}],"wp:attachment":[{"href":"https:\/\/westernacher.com\/de\/wp-json\/wp\/v2\/media?parent=157288"}],"curies":[{"name":"wp","href":"https:\/\/api.w.org\/{rel}","templated":true}]}}