{"id":157286,"date":"2026-03-30T09:39:34","date_gmt":"2026-03-30T07:39:34","guid":{"rendered":"https:\/\/westernacher.com\/?page_id=157286"},"modified":"2026-03-30T09:41:32","modified_gmt":"2026-03-30T07:41:32","slug":"sap-spp-espp","status":"publish","type":"page","link":"https:\/\/westernacher.com\/de\/supply-chain-planning\/sap-spp-espp\/","title":{"rendered":"Supply Chain Planning Expertise: SAP Service Parts Planning (SPP &#038; eSPP) | GER"},"content":{"rendered":"\t\t<div data-elementor-type=\"wp-page\" data-elementor-id=\"157286\" class=\"elementor elementor-157286 elementor-156071\" data-elementor-post-type=\"page\">\n\t\t\t\t\t\t<section class=\"elementor-section elementor-top-section elementor-element elementor-element-60379393 elementor-section-height-full elementor-section-content-middle elementor-section-boxed elementor-section-height-default elementor-section-items-middle\" data-id=\"60379393\" data-element_type=\"section\" data-e-type=\"section\" data-settings=\"{&quot;jet_parallax_layout_list&quot;:[{&quot;jet_parallax_layout_image&quot;:{&quot;url&quot;:&quot;&quot;,&quot;id&quot;:&quot;&quot;,&quot;size&quot;:&quot;&quot;},&quot;_id&quot;:&quot;ad972cc&quot;,&quot;jet_parallax_layout_image_tablet&quot;:{&quot;url&quot;:&quot;&quot;,&quot;id&quot;:&quot;&quot;,&quot;size&quot;:&quot;&quot;},&quot;jet_parallax_layout_image_mobile&quot;:{&quot;url&quot;:&quot;&quot;,&quot;id&quot;:&quot;&quot;,&quot;size&quot;:&quot;&quot;},&quot;jet_parallax_layout_speed&quot;:{&quot;unit&quot;:&quot;%&quot;,&quot;size&quot;:50,&quot;sizes&quot;:[]},&quot;jet_parallax_layout_type&quot;:&quot;scroll&quot;,&quot;jet_parallax_layout_direction&quot;:&quot;1&quot;,&quot;jet_parallax_layout_fx_direction&quot;:null,&quot;jet_parallax_layout_z_index&quot;:&quot;&quot;,&quot;jet_parallax_layout_bg_x&quot;:50,&quot;jet_parallax_layout_bg_x_tablet&quot;:&quot;&quot;,&quot;jet_parallax_layout_bg_x_mobile&quot;:&quot;&quot;,&quot;jet_parallax_layout_bg_y&quot;:50,&quot;jet_parallax_layout_bg_y_tablet&quot;:&quot;&quot;,&quot;jet_parallax_layout_bg_y_mobile&quot;:&quot;&quot;,&quot;jet_parallax_layout_bg_size&quot;:&quot;auto&quot;,&quot;jet_parallax_layout_bg_size_tablet&quot;:&quot;&quot;,&quot;jet_parallax_layout_bg_size_mobile&quot;:&quot;&quot;,&quot;jet_parallax_layout_animation_prop&quot;:&quot;transform&quot;,&quot;jet_parallax_layout_on&quot;:[&quot;desktop&quot;,&quot;tablet&quot;]}]}\">\n\t\t\t\t\t\t<div class=\"elementor-container elementor-column-gap-default\">\n\t\t\t\t\t<div class=\"elementor-column elementor-col-100 elementor-top-column elementor-element elementor-element-6decbb84\" data-id=\"6decbb84\" data-element_type=\"column\" data-e-type=\"column\">\n\t\t\t<div class=\"elementor-widget-wrap elementor-element-populated\">\n\t\t\t\t\t\t<section class=\"elementor-section elementor-inner-section elementor-element elementor-element-a4545a5 elementor-section-boxed elementor-section-height-default elementor-section-height-default\" data-id=\"a4545a5\" data-element_type=\"section\" data-e-type=\"section\" data-settings=\"{&quot;jet_parallax_layout_list&quot;:[]}\">\n\t\t\t\t\t\t<div class=\"elementor-container elementor-column-gap-no\">\n\t\t\t\t\t<div class=\"elementor-column elementor-col-50 elementor-inner-column elementor-element elementor-element-eb4a708\" data-id=\"eb4a708\" data-element_type=\"column\" data-e-type=\"column\">\n\t\t\t<div class=\"elementor-widget-wrap elementor-element-populated\">\n\t\t\t\t\t\t<div class=\"elementor-element elementor-element-61f0ed66 uael-mobile-dual-heading-align-left uael-dual-heading-align-left elementor-widget elementor-widget-uael-dual-color-heading\" data-id=\"61f0ed66\" data-element_type=\"widget\" data-e-type=\"widget\" data-widget_type=\"uael-dual-color-heading.default\">\n\t\t\t\t<div class=\"elementor-widget-container\">\n\t\t\t\t\t\t\t\t\t<div class=\"uael-module-content uael-dual-color-heading uael-heading-stack-none\">\n\t\t\t<h1>\n\t\t\t\t\t\t\t\t\t\t\t\t\t\t\t\t<span class=\"uael-before-heading\"><span class=\"elementor-inline-editing uael-dual-heading-text uael-first-text\" data-elementor-setting-key=\"before_heading_text\" data-elementor-inline-editing-toolbar=\"basic\">SAP Service-Teile-planung.  <\/span><\/span><span class=\"uael-adv-heading-stack\"><span class=\"elementor-inline-editing uael-dual-heading-text uael-highlight-text\" data-elementor-setting-key=\"second_heading_text\" data-elementor-inline-editing-toolbar=\"basic\">SPP &amp; eSPP.<\/span><\/span>\t\t\t\t\t\t\t\t\t\t\t\t\t<\/h1>\n\t\t<\/div>\n\t\t\t\t\t\t<\/div>\n\t\t\t\t<\/div>\n\t\t\t\t\t<\/div>\n\t\t<\/div>\n\t\t\t\t<div class=\"elementor-column elementor-col-50 elementor-inner-column elementor-element elementor-element-ca6ab2f\" data-id=\"ca6ab2f\" data-element_type=\"column\" data-e-type=\"column\">\n\t\t\t<div class=\"elementor-widget-wrap elementor-element-populated\">\n\t\t\t\t\t\t<div class=\"elementor-element elementor-element-4eaa4cc animated-slow elementor-invisible elementor-widget elementor-widget-text-editor\" data-id=\"4eaa4cc\" data-element_type=\"widget\" data-e-type=\"widget\" data-settings=\"{&quot;_animation&quot;:&quot;fadeInUp&quot;}\" data-widget_type=\"text-editor.default\">\n\t\t\t\t<div class=\"elementor-widget-container\">\n\t\t\t\t\t\t\t\t\tSpezialisierte L\u00f6sungen f\u00fcr Ersatzteil- und Aftermarket-Planung, entwickelt, um die einzigartigen Heraus&shy;forderungen intermittierender Nach&shy;frage, gro\u00dfer SKU-Portfolios und kritischer Servicelevel-Anforderungen zu bew\u00e4ltigen.\t\t\t\t\t\t\t\t<\/div>\n\t\t\t\t<\/div>\n\t\t\t\t\t<\/div>\n\t\t<\/div>\n\t\t\t\t\t<\/div>\n\t\t<\/section>\n\t\t\t\t<div class=\"elementor-element elementor-element-b3cec5b animated-slow elementor-invisible elementor-widget elementor-widget-spacer\" data-id=\"b3cec5b\" data-element_type=\"widget\" data-e-type=\"widget\" data-settings=\"{&quot;_animation&quot;:&quot;fadeInLeft&quot;}\" data-widget_type=\"spacer.default\">\n\t\t\t\t<div class=\"elementor-widget-container\">\n\t\t\t\t\t\t\t<div class=\"elementor-spacer\">\n\t\t\t<div class=\"elementor-spacer-inner\"><\/div>\n\t\t<\/div>\n\t\t\t\t\t\t<\/div>\n\t\t\t\t<\/div>\n\t\t\t\t<div class=\"elementor-element elementor-element-5d9ef4e elementor-widget elementor-widget-spacer\" data-id=\"5d9ef4e\" data-element_type=\"widget\" data-e-type=\"widget\" data-widget_type=\"spacer.default\">\n\t\t\t\t<div class=\"elementor-widget-container\">\n\t\t\t\t\t\t\t<div class=\"elementor-spacer\">\n\t\t\t<div class=\"elementor-spacer-inner\"><\/div>\n\t\t<\/div>\n\t\t\t\t\t\t<\/div>\n\t\t\t\t<\/div>\n\t\t\t\t<section class=\"elementor-section elementor-inner-section elementor-element elementor-element-f3ce4c6 elementor-section-boxed elementor-section-height-default elementor-section-height-default\" data-id=\"f3ce4c6\" data-element_type=\"section\" data-e-type=\"section\" data-settings=\"{&quot;jet_parallax_layout_list&quot;:[]}\">\n\t\t\t\t\t\t<div class=\"elementor-container elementor-column-gap-no\">\n\t\t\t\t\t<div class=\"elementor-column elementor-col-50 elementor-inner-column elementor-element elementor-element-23d55ab\" data-id=\"23d55ab\" data-element_type=\"column\" data-e-type=\"column\">\n\t\t\t<div class=\"elementor-widget-wrap elementor-element-populated\">\n\t\t\t\t\t\t<div class=\"elementor-element elementor-element-6bbe3d2 elementor-widget elementor-widget-heading\" data-id=\"6bbe3d2\" data-element_type=\"widget\" data-e-type=\"widget\" data-widget_type=\"heading.default\">\n\t\t\t\t<div class=\"elementor-widget-container\">\n\t\t\t\t\t<h2 class=\"elementor-heading-title elementor-size-default\">Unsere Expertise in der Ersatzteilplanung:<\/h2>\t\t\t\t<\/div>\n\t\t\t\t<\/div>\n\t\t\t\t<div class=\"elementor-element elementor-element-5cec1be animated-slow elementor-invisible elementor-widget elementor-widget-text-editor\" data-id=\"5cec1be\" data-element_type=\"widget\" data-e-type=\"widget\" data-settings=\"{&quot;_animation&quot;:&quot;fadeInUp&quot;}\" data-widget_type=\"text-editor.default\">\n\t\t\t\t<div class=\"elementor-widget-container\">\n\t\t\t\t\t\t\t\t\t<ul><li>Prognose f\u00fcr intermittierenden Bedarf: Statistische Methoden, optimiert f\u00fcr sporadische Muster<\/li><li>Mehrstufige Planung: Koordination der Planung \u00fcber alle Ebenen des Distributionsnetzwerks<\/li><li>Service-Level-Optimierung: Abw\u00e4gung von Kosten und Zielen der Teile-Verf\u00fcgbarkeit<\/li><li>Fair Share &amp; Lateral Transshipment: Optimierung der Teileverteilung und -umverteilung<\/li><li>\u00dcberbestands- &amp; Obsoleszenzmanagement: Proaktive Identifizierung und Steuerung<\/li><li>Integration: Nahtlose Verbindung mit SAP ERP- und S\/4HANA-Systemen<\/li><\/ul>\t\t\t\t\t\t\t\t<\/div>\n\t\t\t\t<\/div>\n\t\t\t\t\t<\/div>\n\t\t<\/div>\n\t\t\t\t<div class=\"elementor-column elementor-col-50 elementor-inner-column elementor-element elementor-element-1818695\" data-id=\"1818695\" data-element_type=\"column\" data-e-type=\"column\">\n\t\t\t<div class=\"elementor-widget-wrap elementor-element-populated\">\n\t\t\t\t\t\t<div class=\"elementor-element elementor-element-073a4bd elementor-widget elementor-widget-heading\" data-id=\"073a4bd\" data-element_type=\"widget\" data-e-type=\"widget\" data-widget_type=\"heading.default\">\n\t\t\t\t<div class=\"elementor-widget-container\">\n\t\t\t\t\t<h2 class=\"elementor-heading-title elementor-size-default\">Funktionen der Ersatzteilplanung:<\/h2>\t\t\t\t<\/div>\n\t\t\t\t<\/div>\n\t\t\t\t<div class=\"elementor-element elementor-element-281fd17 animated-slow elementor-invisible elementor-widget elementor-widget-text-editor\" data-id=\"281fd17\" data-element_type=\"widget\" data-e-type=\"widget\" data-settings=\"{&quot;_animation&quot;:&quot;fadeInUp&quot;}\" data-widget_type=\"text-editor.default\">\n\t\t\t\t<div class=\"elementor-widget-container\">\n\t\t\t\t\t\t\t\t\t<ul><li>SAP SPP: Kernl\u00f6sung f\u00fcr die Ersatzteilplanung f\u00fcr die meisten Unternehmen<\/li><li>SAP eSPP: Erweiterte Funktionen f\u00fcr komplexe Aftermarket-Szenarien<\/li><li>Definition der Roadmap f\u00fcr den \u00dcbergang von SAP APO SPP zu S\/4 eSPP<\/li><\/ul>\t\t\t\t\t\t\t\t<\/div>\n\t\t\t\t<\/div>\n\t\t\t\t\t<\/div>\n\t\t<\/div>\n\t\t\t\t\t<\/div>\n\t\t<\/section>\n\t\t\t\t\t<\/div>\n\t\t<\/div>\n\t\t\t\t\t<\/div>\n\t\t<\/section>\n\t\t\t\t<\/div>\n\t\t","protected":false},"excerpt":{"rendered":"<p>SAP Service-Teile-planung. SPP &amp; eSPP. Spezialisierte L\u00f6sungen f\u00fcr Ersatzteil- und Aftermarket-Planung, entwickelt, um die einzigartigen Heraus&shy;forderungen intermittierender Nach&shy;frage, gro\u00dfer SKU-Portfolios und kritischer Servicelevel-Anforderungen zu bew\u00e4ltigen. Unsere Expertise in der Ersatzteilplanung: Prognose f\u00fcr intermittierenden Bedarf: Statistische Methoden, optimiert f\u00fcr sporadische Muster Mehrstufige Planung: Koordination der Planung \u00fcber alle Ebenen des Distributionsnetzwerks Service-Level-Optimierung: Abw\u00e4gung von Kosten und [&hellip;]<\/p>\n","protected":false},"author":8,"featured_media":0,"parent":157265,"menu_order":25,"comment_status":"closed","ping_status":"closed","template":"elementor_header_footer","meta":{"_acf_changed":false,"content-type":"","footnotes":""},"class_list":["post-157286","page","type-page","status-publish","hentry"],"acf":[],"_links":{"self":[{"href":"https:\/\/westernacher.com\/de\/wp-json\/wp\/v2\/pages\/157286","targetHints":{"allow":["GET"]}}],"collection":[{"href":"https:\/\/westernacher.com\/de\/wp-json\/wp\/v2\/pages"}],"about":[{"href":"https:\/\/westernacher.com\/de\/wp-json\/wp\/v2\/types\/page"}],"author":[{"embeddable":true,"href":"https:\/\/westernacher.com\/de\/wp-json\/wp\/v2\/users\/8"}],"replies":[{"embeddable":true,"href":"https:\/\/westernacher.com\/de\/wp-json\/wp\/v2\/comments?post=157286"}],"version-history":[{"count":5,"href":"https:\/\/westernacher.com\/de\/wp-json\/wp\/v2\/pages\/157286\/revisions"}],"predecessor-version":[{"id":158327,"href":"https:\/\/westernacher.com\/de\/wp-json\/wp\/v2\/pages\/157286\/revisions\/158327"}],"up":[{"embeddable":true,"href":"https:\/\/westernacher.com\/de\/wp-json\/wp\/v2\/pages\/157265"}],"wp:attachment":[{"href":"https:\/\/westernacher.com\/de\/wp-json\/wp\/v2\/media?parent=157286"}],"curies":[{"name":"wp","href":"https:\/\/api.w.org\/{rel}","templated":true}]}}